{"id":163,"date":"2022-04-26T10:19:49","date_gmt":"2022-04-26T08:19:49","guid":{"rendered":"http:\/\/invisiblessouffrances.com\/?page_id=163"},"modified":"2022-04-26T10:27:55","modified_gmt":"2022-04-26T08:27:55","slug":"des-solutions","status":"publish","type":"page","link":"https:\/\/invisiblessouffrances.com\/index.php\/des-solutions\/","title":{"rendered":"Des solutions"},"content":{"rendered":"\n<p>Il existe autant de solutions que de pathologies. N\u00e9anmois, pour vous aider, voici quelques pistes pour vous aider. <\/p>\n\n\n\n<h2 class=\"wp-block-heading\">La clinique de la Douleur<\/h2>\n\n\n\n<p>Pour vous aider dans vos d\u00e9marches, il existe des sp\u00e9cialistes former pour \u00e7a. Une premi\u00e8re \u00e9tape est de prendre votre courage et prendre rendez-vous dans un centre de la douleur.  Voici d&rsquo;ailleurs les diff\u00e9rents centres r\u00e9pertori\u00e9s : <a href=\"https:\/\/www.health.belgium.be\/sites\/default\/files\/uploads\/fields\/fpshealth_theme_file\/douleurlistehopcentremulti.pdf\">https:\/\/www.health.belgium.be\/sites\/default\/files\/uploads\/fields\/fpshealth_theme_file\/douleurlistehopcentremulti.pdf<\/a><\/p>\n\n\n\n<p><\/p>\n","protected":false},"excerpt":{"rendered":"<p>Il existe autant de solutions que de pathologies. N\u00e9anmois, pour vous aider, voici quelques pistes pour vous aider. La clinique de la Douleur Pour vous aider dans vos d\u00e9marches, il existe des sp\u00e9cialistes former pour \u00e7a. Une premi\u00e8re \u00e9tape est de prendre votre courage et prendre rendez-vous dans un centre de la douleur. Voici d&rsquo;ailleurs &hellip; <\/p>\n<p class=\"link-more\"><a href=\"https:\/\/invisiblessouffrances.com\/index.php\/des-solutions\/\" class=\"more-link\">Continuer la lecture<span class=\"screen-reader-text\"> de &laquo;&nbsp;Des solutions&nbsp;&raquo;<\/span><\/a><\/p>\n","protected":false},"author":1,"featured_media":0,"parent":0,"menu_order":0,"comment_status":"closed","ping_status":"closed","template":"","meta":{"_bbp_topic_count":0,"_bbp_reply_count":0,"_bbp_total_topic_count":0,"_bbp_total_reply_count":0,"_bbp_voice_count":0,"_bbp_anonymous_reply_count":0,"_bbp_topic_count_hidden":0,"_bbp_reply_count_hidden":0,"_bbp_forum_subforum_count":0,"_mi_skip_tracking":false,"footnotes":""},"_links":{"self":[{"href":"https:\/\/invisiblessouffrances.com\/index.php\/wp-json\/wp\/v2\/pages\/163"}],"collection":[{"href":"https:\/\/invisiblessouffrances.com\/index.php\/wp-json\/wp\/v2\/pages"}],"about":[{"href":"https:\/\/invisiblessouffrances.com\/index.php\/wp-json\/wp\/v2\/types\/page"}],"author":[{"embeddable":true,"href":"https:\/\/invisiblessouffrances.com\/index.php\/wp-json\/wp\/v2\/users\/1"}],"replies":[{"embeddable":true,"href":"https:\/\/invisiblessouffrances.com\/index.php\/wp-json\/wp\/v2\/comments?post=163"}],"version-history":[{"count":2,"href":"https:\/\/invisiblessouffrances.com\/index.php\/wp-json\/wp\/v2\/pages\/163\/revisions"}],"predecessor-version":[{"id":168,"href":"https:\/\/invisiblessouffrances.com\/index.php\/wp-json\/wp\/v2\/pages\/163\/revisions\/168"}],"wp:attachment":[{"href":"https:\/\/invisiblessouffrances.com\/index.php\/wp-json\/wp\/v2\/media?parent=163"}],"curies":[{"name":"wp","href":"https:\/\/api.w.org\/{rel}","templated":true}]}}