{"id":8,"date":"2018-06-27T10:49:17","date_gmt":"2018-06-27T08:49:17","guid":{"rendered":"http:\/\/invisiblessouffrances.com\/?page_id=8"},"modified":"2022-03-25T17:53:37","modified_gmt":"2022-03-25T16:53:37","slug":"a-propos-de","status":"publish","type":"page","link":"https:\/\/invisiblessouffrances.com\/index.php\/a-propos-de\/","title":{"rendered":"\u00c0 propos de"},"content":{"rendered":"<p style=\"text-align: justify;\">Parler de la <strong>maladie<\/strong>, du <strong>handicap<\/strong>, du <strong>deuil<\/strong>, \u2026 n\u2019est pas une chose ais\u00e9e. Lorsqu\u2019il s\u2019agit de son handicap, sa maladie, son deuil, cela l\u2019est encore moins. Et pourtant aujourd\u2019hui, il existe autant de souffrances diff\u00e9rentes qu\u2019il existe de <strong>parcours\u00a0<\/strong>et <strong>d\u2019exp\u00e9riences<\/strong>.<\/p>\n<p style=\"text-align: justify;\">Les personnes ayant v\u00e9cu cette douleur de vie sont les plus \u00e0 m\u00eame de nous faire ressentir la <strong>r\u00e9alit\u00e9<\/strong>, pas de fiction, pas de r\u00e9cit, juste un passif qui nous ouvre les yeux sur la vie. Diff\u00e9rente peut-\u00eatre de la n\u00f4tre, mais r\u00e9elle et qui peut donner du <strong>courage\u00a0<\/strong>et de <strong>l\u2019espoir\u00a0<\/strong>\u00e0 plus d\u2019un.<\/p>\n<p style=\"text-align: justify;\">Contrairement \u00e0 ce qui est souvent pens\u00e9, les personnes atteintes d\u2019un handicap moteur et donc visible ne repr\u00e9sentent que 4% de la population. <strong>85%\u00a0<\/strong>des handicaps sont invisibles\u2026 Il en est de m\u00eame pour les maladies. Cela ne veut pourtant pas dire que les malades ou handicap\u00e9s ne n\u00e9cessitent pas <strong>d\u2019attention\u00a0<\/strong>particuli\u00e8re mais plut\u00f4t qu\u2019on ne peut pas les d\u00e9tecter si la personne concern\u00e9e n\u2019en parle pas. Maladies, Handicaps et surtout <strong>SOUFFRANCES\u00a0<\/strong>en g\u00e9n\u00e9ral que ce soient des migraines, la st\u00e9rilit\u00e9, une fausse couche, les fibromyalgies, burn-out, les mal-\u00eatre en tout genre. Aujourd\u2019hui, une personne met fin \u00e0 ses jours toutes les <strong>40 secondes<\/strong>. Aucun pays n&rsquo;est \u00e9pargn\u00e9. Ainsi, <strong>800 000 personnes\u00a0<\/strong>se donnent la mort \u00e0 travers le monde chaque ann\u00e9e. Autant de <strong>souffrances invisibles.<\/strong><\/p>\n<p style=\"text-align: justify;\">Au-del\u00e0 des maladies et handicaps, il existe aussi le <strong>deuil<\/strong>, r\u00e9alit\u00e9\u0301 largement partag\u00e9e. En effet, <strong>42<\/strong>% des adultes d\u00e9clarent avoir v\u00e9cu un d\u00e9c\u00e8s qui les a particuli\u00e8rement <strong>affect\u00e9s\u00a0<\/strong>(qu\u2019ils soient en chemin, en voie de le terminer ou au tout d\u00e9but du deuil.) De plus, cette r\u00e9alit\u00e9\u0301 est partag\u00e9e par les diff\u00e9rents \u00e2ges de la vie. Le temps n\u2019efface pas toujours le <strong>poids d\u2019un deuil<\/strong>, puisqu\u2019un tiers des deuils consid\u00e9r\u00e9s comme en d\u00e9but de processus datent de plus de <strong>cinq ans<\/strong>. Autant de souffrances invisibles qui durent.<\/p>\n<p style=\"text-align: justify;\">Etre malade \u00e0 l\u2019int\u00e9rieur, alors que vous paraissez bien \u00e0 l\u2019ext\u00e9rieur, est un combat quotidien. Les jugements sont nombreux dans notre soci\u00e9t\u00e9, c\u2019est pourquoi aujourd\u2019hui, je porte le projet d\u2019Invisibles Souffrances.<\/p>\n<p style=\"text-align: justify;\"><em>\u00ab\u00a0On ne voit bien qu&rsquo;avec le c\u0153ur, l&rsquo;essentiel est invisible pour les yeux.\u00a0\u00bb<\/em><\/p>\n<p><em>Citation de Antoine de Saint-Exup\u00e9ry ; Le petit prince (1943)<\/em><\/p>\n","protected":false},"excerpt":{"rendered":"<p>Parler de la maladie, du handicap, du deuil, \u2026 n\u2019est pas une chose ais\u00e9e. Lorsqu\u2019il s\u2019agit de son handicap, sa maladie, son deuil, cela l\u2019est encore moins. Et pourtant aujourd\u2019hui, il existe autant de souffrances diff\u00e9rentes qu\u2019il existe de parcours\u00a0et d\u2019exp\u00e9riences. Les personnes ayant v\u00e9cu cette douleur de vie sont les plus \u00e0 m\u00eame de &hellip; <\/p>\n<p class=\"link-more\"><a href=\"https:\/\/invisiblessouffrances.com\/index.php\/a-propos-de\/\" class=\"more-link\">Continuer la lecture<span class=\"screen-reader-text\"> de &laquo;&nbsp;\u00c0 propos de&nbsp;&raquo;<\/span><\/a><\/p>\n","protected":false},"author":1,"featured_media":16,"parent":0,"menu_order":0,"comment_status":"closed","ping_status":"closed","template":"","meta":{"_bbp_topic_count":0,"_bbp_reply_count":0,"_bbp_total_topic_count":0,"_bbp_total_reply_count":0,"_bbp_voice_count":0,"_bbp_anonymous_reply_count":0,"_bbp_topic_count_hidden":0,"_bbp_reply_count_hidden":0,"_bbp_forum_subforum_count":0,"_mi_skip_tracking":false,"footnotes":""},"_links":{"self":[{"href":"https:\/\/invisiblessouffrances.com\/index.php\/wp-json\/wp\/v2\/pages\/8"}],"collection":[{"href":"https:\/\/invisiblessouffrances.com\/index.php\/wp-json\/wp\/v2\/pages"}],"about":[{"href":"https:\/\/invisiblessouffrances.com\/index.php\/wp-json\/wp\/v2\/types\/page"}],"author":[{"embeddable":true,"href":"https:\/\/invisiblessouffrances.com\/index.php\/wp-json\/wp\/v2\/users\/1"}],"replies":[{"embeddable":true,"href":"https:\/\/invisiblessouffrances.com\/index.php\/wp-json\/wp\/v2\/comments?post=8"}],"version-history":[{"count":4,"href":"https:\/\/invisiblessouffrances.com\/index.php\/wp-json\/wp\/v2\/pages\/8\/revisions"}],"predecessor-version":[{"id":125,"href":"https:\/\/invisiblessouffrances.com\/index.php\/wp-json\/wp\/v2\/pages\/8\/revisions\/125"}],"wp:featuredmedia":[{"embeddable":true,"href":"https:\/\/invisiblessouffrances.com\/index.php\/wp-json\/wp\/v2\/media\/16"}],"wp:attachment":[{"href":"https:\/\/invisiblessouffrances.com\/index.php\/wp-json\/wp\/v2\/media?parent=8"}],"curies":[{"name":"wp","href":"https:\/\/api.w.org\/{rel}","templated":true}]}}