{"id":9,"date":"2018-06-27T10:49:17","date_gmt":"2018-06-27T08:49:17","guid":{"rendered":"http:\/\/invisiblessouffrances.com\/?page_id=9"},"modified":"2022-03-25T17:54:39","modified_gmt":"2022-03-25T16:54:39","slug":"contact","status":"publish","type":"page","link":"https:\/\/invisiblessouffrances.com\/index.php\/contact\/","title":{"rendered":"Qui suis-je"},"content":{"rendered":"<p style=\"text-align: justify;\">Je m\u2019appelle <strong>Vanbeversleeys Sarah\u00a0<\/strong>et je suis atteinte du <strong>Syndrome d\u2019Ehlers-Danlos\u00a0<\/strong>(diagnostiqu\u00e9e en 2015 apr\u00e8s des ann\u00e9es d\u2019errances m\u00e9dicales). Maladie g\u00e9n\u00e9tique rare atteignant le collag\u00e8ne. Le manque de cette prot\u00e9ine provoque une hyper \u00e9lasticit\u00e9 des tendons qui entraine de fortes douleurs quotidiennes. Ces derni\u00e8res s\u2019intensifient lors de crises dont la dur\u00e9e peut s\u2019\u00e9tendre d\u2019un jour \u00e0 plusieurs mois. Ce handicap fait partie des maladies chroniques invalidantes au m\u00eame titre que la scl\u00e9rose en plaque ou le diab\u00e8te.<\/p>\n<p style=\"text-align: justify;\">\n<p style=\"text-align: justify;\">Un matin de 2014, alors \u00e2g\u00e9e de 31 ans, je ne sais plus me lever par un mal de dos qui me paralyse pendant plus de six mois. A cette \u00e9poque une <strong>hernie discale\u00a0<\/strong>et un d\u00e9but d\u2019une autre sont d\u00e9cel\u00e9es. Trois ans et deux grossesses plus tard, un nouveau scanner montre <strong>trois hernies discales et un ligament d\u00e9chir\u00e9\u00a0<\/strong>au niveau de la colonne ce qui me cloue au lit car impossible de marcher ni m\u00eame de m\u2019asseoir.<\/p>\n<p style=\"text-align: justify;\">Tout aurait pu bien se d\u00e9rouler gr\u00e2ce \u00e0 une op\u00e9ration si en Belgique, il n\u2019existait pas un Arr\u00eat\u00e9 Royal interdisant avant 35 ans le remboursement d\u2019une proth\u00e8se discale pourtant plus que n\u00e9cessaire dans mon cas, et donc rendant l\u2019op\u00e9ration impossible, la somme d\u00e9passant largement les 10.000\u20ac.<\/p>\n<p style=\"text-align: justify;\">C\u2019est \u00e0 force de c\u00f4toyer les <strong>centres\u00a0<\/strong>de la douleur, les patients <strong>souffrants<\/strong>, d\u2019avoir subi les <strong>jugements\u00a0<\/strong>de personnes proches ou non et d\u2019avoir moi-m\u00eame err\u00e9 dans ma douleur que j\u2019ai eu l\u2019id\u00e9e de recueillir des t\u00e9moignages dans le projet \u00ab\u00a0Invisibles Souffrances\u00a0\u00bb.<\/p>\n","protected":false},"excerpt":{"rendered":"<p>Je m\u2019appelle Vanbeversleeys Sarah\u00a0et je suis atteinte du Syndrome d\u2019Ehlers-Danlos\u00a0(diagnostiqu\u00e9e en 2015 apr\u00e8s des ann\u00e9es d\u2019errances m\u00e9dicales). Maladie g\u00e9n\u00e9tique rare atteignant le collag\u00e8ne. Le manque de cette prot\u00e9ine provoque une hyper \u00e9lasticit\u00e9 des tendons qui entraine de fortes douleurs quotidiennes. Ces derni\u00e8res s\u2019intensifient lors de crises dont la dur\u00e9e peut s\u2019\u00e9tendre d\u2019un jour \u00e0 plusieurs &hellip; <\/p>\n<p class=\"link-more\"><a href=\"https:\/\/invisiblessouffrances.com\/index.php\/contact\/\" class=\"more-link\">Continuer la lecture<span class=\"screen-reader-text\"> de &laquo;&nbsp;Qui suis-je&nbsp;&raquo;<\/span><\/a><\/p>\n","protected":false},"author":1,"featured_media":13,"parent":0,"menu_order":0,"comment_status":"closed","ping_status":"closed","template":"","meta":{"_bbp_topic_count":0,"_bbp_reply_count":0,"_bbp_total_topic_count":0,"_bbp_total_reply_count":0,"_bbp_voice_count":0,"_bbp_anonymous_reply_count":0,"_bbp_topic_count_hidden":0,"_bbp_reply_count_hidden":0,"_bbp_forum_subforum_count":0,"_mi_skip_tracking":false,"footnotes":""},"_links":{"self":[{"href":"https:\/\/invisiblessouffrances.com\/index.php\/wp-json\/wp\/v2\/pages\/9"}],"collection":[{"href":"https:\/\/invisiblessouffrances.com\/index.php\/wp-json\/wp\/v2\/pages"}],"about":[{"href":"https:\/\/invisiblessouffrances.com\/index.php\/wp-json\/wp\/v2\/types\/page"}],"author":[{"embeddable":true,"href":"https:\/\/invisiblessouffrances.com\/index.php\/wp-json\/wp\/v2\/users\/1"}],"replies":[{"embeddable":true,"href":"https:\/\/invisiblessouffrances.com\/index.php\/wp-json\/wp\/v2\/comments?post=9"}],"version-history":[{"count":5,"href":"https:\/\/invisiblessouffrances.com\/index.php\/wp-json\/wp\/v2\/pages\/9\/revisions"}],"predecessor-version":[{"id":126,"href":"https:\/\/invisiblessouffrances.com\/index.php\/wp-json\/wp\/v2\/pages\/9\/revisions\/126"}],"wp:featuredmedia":[{"embeddable":true,"href":"https:\/\/invisiblessouffrances.com\/index.php\/wp-json\/wp\/v2\/media\/13"}],"wp:attachment":[{"href":"https:\/\/invisiblessouffrances.com\/index.php\/wp-json\/wp\/v2\/media?parent=9"}],"curies":[{"name":"wp","href":"https:\/\/api.w.org\/{rel}","templated":true}]}}